{"id":944,"date":"2024-01-04T00:20:16","date_gmt":"2024-01-04T00:20:16","guid":{"rendered":"https:\/\/jupiterx.artbees.net\/adopt-pet-2\/?page_id=944"},"modified":"2024-01-04T00:21:01","modified_gmt":"2024-01-04T00:21:01","slug":"gizlilik-politikasi","status":"publish","type":"page","link":"https:\/\/www.biryavrumuzolacak.com\/index.php\/gizlilik-politikasi\/","title":{"rendered":"Gizlilik Politikas\u0131"},"content":{"rendered":"\n<h3 class=\"wp-block-heading\">biryavrumuzolacak.com&#8217;da Veri G\u00fcvenli\u011fi ve Gizlili\u011fi<\/h3>\n\n\n\n<p>Kullan\u0131c\u0131lar\u0131n kolayca tan\u0131nmas\u0131 ve veri g\u00fcvenli\u011finin h\u0131zla onaylanabilmesi i\u00e7in kullan\u0131c\u0131lar\u0131n web taray\u0131c\u0131lar\u0131na neredeyse b\u00fct\u00fcn web siteleri taraf\u0131ndan g\u00f6nderildi\u011fi gibi \u201ccookie\u201d ad\u0131 verilen veriler g\u00f6nderilmekte ve m\u00fc\u015fteri bilgisayarlar\u0131nda saklanan bu cookieler belli aral\u0131klarla g\u00fcncellenerek optimal sistem performans\u0131 sa\u011flanmaktad\u0131r. Ayr\u0131ca Al\u0131c\u0131n\u0131n IP adresi web sitesinin sunucular\u0131ndaki sorunlar\u0131n giderilmesi ve internet sitesinin y\u00f6netimi i\u00e7in kullan\u0131lacakt\u0131r. IP adresi, Al\u0131c\u0131y\u0131 ve al\u0131\u015fveri\u015f sepetini tan\u0131mak ve a\u00e7\u0131k demografik bilgilerin toplanmas\u0131 i\u00e7in kullan\u0131lacakt\u0131r.<\/p>\n\n\n\n<h3 class=\"wp-block-heading\">Veri G\u00fcvenli\u011fi<\/h3>\n\n\n\n<p>Kullan\u0131c\u0131lardan derlenen t\u00fcm hassas ve ki\u015fisel bilgiler, en y\u00fcksek elektronik ve fiziksel g\u00fcvenlik standartlar\u0131nda saklanmakta, yaln\u0131zca yetki sahibi olan personelin ve ancak zorunlu durumlarda kullan\u0131c\u0131 onay\u0131 alt\u0131nda ula\u015fabilece\u011fi bir sistemle, mevcut T\u00fcrk Kanunlar\u0131 ve uluslararas\u0131 mevzuat \u00e7er\u00e7evesinde kullan\u0131lmaktad\u0131r.<\/p>\n\n\n\n<p>AS\u0130L YAVRULAR, kullan\u0131c\u0131lardan derledi\u011fi ki\u015fisel ve hassas bilgileri kullan\u0131c\u0131 onay\u0131 olmaks\u0131z\u0131n hi\u00e7bir isim alt\u0131nda, hi\u00e7bir nedenle ve hi\u00e7bir muhatap nezdinde a\u00e7\u0131klamamay\u0131, s\u00f6z konusu bilgileri \u00fc\u00e7\u00fcnc\u00fc \u015fah\u0131slarla payla\u015fmamay\u0131 ve hi\u00e7bir surette k\u00f6t\u00fcye kullanmamay\u0131 taahh\u00fct ve <a href=\"https:\/\/www.asilyavrular.com\/gizlilik-sozlesmesi\/\">garanti eder.<\/a><\/p>\n\n\n\n<p>\u00dcyelik esnas\u0131nda bizimle payla\u015ft\u0131\u011f\u0131n\u0131z cep telefonu ve mail adresleriniz sadece vermi\u015f oldu\u011funuz sipari\u015flerinizle ilgili bilgilerin size h\u0131zl\u0131 ve g\u00fcvenli bir \u015fekilde ula\u015fmas\u0131n\u0131 sa\u011flamak i\u00e7in kullan\u0131lacaklard\u0131r. Ssl sertifikas\u0131 ile g\u00fcvenli al\u0131\u015fveri\u015f olana\u011f\u0131 sa\u011flar.<\/p>\n\n\n\n<figure class=\"wp-block-image size-large is-resized\"><img decoding=\"async\" src=\"http:\/\/www.asilyavrular.com\/wp-content\/uploads\/2021\/11\/asil-yavrular-gizlilik-politikasi-1-1024x1024.jpg\" alt=\"\" class=\"wp-image-21549\" style=\"width:347px;height:347px\"\/><figcaption class=\"wp-element-caption\">asil yavrular gizlilik politikasi  <\/figcaption><\/figure>\n\n\n\n<h3 class=\"wp-block-heading\">Veri Payla\u015f\u0131m\u0131<\/h3>\n\n\n\n<p>AS\u0130L YAVRULAR, yukar\u0131da s\u00f6z\u00fc edilen ki\u015fisel i\u00e7erikli bilgiler d\u0131\u015f\u0131ndaki genel kullan\u0131c\u0131 profilini ve bilgilerini, sundu\u011fu hizmetleri daha verimli k\u0131lmak ve m\u00fc\u015fteri memnuniyetini en y\u00fcksek seviyede tutabilmek amac\u0131yla analiz ederek yorumlamak ve se\u00e7kin i\u015f ortaklar\u0131 ile payla\u015fmak hakk\u0131n\u0131 sakl\u0131 tutar.<\/p>\n\n\n\n<p>Ayr\u0131ca kullan\u0131c\u0131lar onay verdikleri takdirde bu bilgiler  AS\u0130L YAVRULAR  ve i\u015f ortaklar\u0131 taraf\u0131ndan <\/p>\n","protected":false},"excerpt":{"rendered":"<p>biryavrumuzolacak.com&#8217;da Veri G\u00fcvenli\u011fi ve Gizlili\u011fi Kullan\u0131c\u0131lar\u0131n kolayca tan\u0131nmas\u0131 ve veri g\u00fcvenli\u011finin h\u0131zla onaylanabilmesi i\u00e7in kullan\u0131c\u0131lar\u0131n web taray\u0131c\u0131lar\u0131na neredeyse b\u00fct\u00fcn web siteleri taraf\u0131ndan g\u00f6nderildi\u011fi gibi \u201ccookie\u201d ad\u0131 verilen veriler g\u00f6nderilmekte ve m\u00fc\u015fteri bilgisayarlar\u0131nda saklanan bu cookieler belli aral\u0131klarla g\u00fcncellenerek optimal sistem performans\u0131 sa\u011flanmaktad\u0131r. Ayr\u0131ca Al\u0131c\u0131n\u0131n IP adresi web sitesinin sunucular\u0131ndaki sorunlar\u0131n giderilmesi ve internet sitesinin y\u00f6netimi [&hellip;]<\/p>\n","protected":false},"author":1,"featured_media":0,"parent":0,"menu_order":0,"comment_status":"closed","ping_status":"closed","template":"","meta":{"om_disable_all_campaigns":false,"_monsterinsights_skip_tracking":false,"_monsterinsights_sitenote_active":false,"_monsterinsights_sitenote_note":"","_monsterinsights_sitenote_category":0,"footnotes":""},"class_list":["post-944","page","type-page","status-publish","hentry"],"acf":[],"aioseo_notices":[],"_links":{"self":[{"href":"https:\/\/www.biryavrumuzolacak.com\/index.php\/wp-json\/wp\/v2\/pages\/944","targetHints":{"allow":["GET"]}}],"collection":[{"href":"https:\/\/www.biryavrumuzolacak.com\/index.php\/wp-json\/wp\/v2\/pages"}],"about":[{"href":"https:\/\/www.biryavrumuzolacak.com\/index.php\/wp-json\/wp\/v2\/types\/page"}],"author":[{"embeddable":true,"href":"https:\/\/www.biryavrumuzolacak.com\/index.php\/wp-json\/wp\/v2\/users\/1"}],"replies":[{"embeddable":true,"href":"https:\/\/www.biryavrumuzolacak.com\/index.php\/wp-json\/wp\/v2\/comments?post=944"}],"version-history":[{"count":2,"href":"https:\/\/www.biryavrumuzolacak.com\/index.php\/wp-json\/wp\/v2\/pages\/944\/revisions"}],"predecessor-version":[{"id":1532,"href":"https:\/\/www.biryavrumuzolacak.com\/index.php\/wp-json\/wp\/v2\/pages\/944\/revisions\/1532"}],"wp:attachment":[{"href":"https:\/\/www.biryavrumuzolacak.com\/index.php\/wp-json\/wp\/v2\/media?parent=944"}],"curies":[{"name":"wp","href":"https:\/\/api.w.org\/{rel}","templated":true}]}}